{"id":2390,"date":"2015-01-29T13:53:33","date_gmt":"2015-01-29T13:53:33","guid":{"rendered":"https:\/\/ktt.kubota-eu.com\/agriculture\/home-2\/"},"modified":"2021-08-18T08:18:20","modified_gmt":"2021-08-18T08:18:20","slug":"home-2","status":"publish","type":"page","link":"https:\/\/ktt.kubota-eu.com\/agriculture\/","title":{"rendered":"Home TR"},"content":{"rendered":"","protected":false},"excerpt":{"rendered":"","protected":false},"author":1,"featured_media":0,"parent":0,"menu_order":0,"comment_status":"open","ping_status":"open","template":"page-templates\/template-range-home.php","meta":{"footnotes":""},"class_list":["post-2390","page","type-page","status-publish","hentry"],"acf":[],"yoast_head":"<!-- This site is optimized with the Yoast SEO plugin v23.9 - https:\/\/yoast.com\/wordpress\/plugins\/seo\/ -->\n<title>Agriculture Kubota<\/title>\n<meta name=\"robots\" content=\"index, follow, max-snippet:-1, max-image-preview:large, max-video-preview:-1\" \/>\n<link rel=\"canonical\" href=\"https:\/\/ktt.kubota-eu.com\/agriculture\/\" \/>\n<meta property=\"og:locale\" content=\"tr_TR\" \/>\n<meta property=\"og:type\" content=\"article\" \/>\n<meta property=\"og:title\" content=\"Agriculture Kubota\" \/>\n<meta property=\"og:url\" content=\"https:\/\/ktt.kubota-eu.com\/agriculture\/\" \/>\n<meta property=\"og:site_name\" content=\"\u00dcr\u00fcnlerimiz\" \/>\n<meta property=\"article:modified_time\" content=\"2021-08-18T08:18:20+00:00\" \/>\n<!-- \/ Yoast SEO plugin. -->","yoast_head_json":{"title":"Agriculture Kubota","robots":{"index":"index","follow":"follow","max-snippet":"max-snippet:-1","max-image-preview":"max-image-preview:large","max-video-preview":"max-video-preview:-1"},"canonical":"https:\/\/ktt.kubota-eu.com\/agriculture\/","og_locale":"tr_TR","og_type":"article","og_title":"Agriculture Kubota","og_url":"https:\/\/ktt.kubota-eu.com\/agriculture\/","og_site_name":"\u00dcr\u00fcnlerimiz","article_modified_time":"2021-08-18T08:18:20+00:00","schema":{"@context":"https:\/\/schema.org","@graph":[{"@type":"WebPage","@id":"https:\/\/ktt.kubota-eu.com\/agriculture\/","url":"https:\/\/ktt.kubota-eu.com\/agriculture\/","name":"Agriculture Kubota","isPartOf":{"@id":"https:\/\/ktt.kubota-eu.com\/agriculture\/#website"},"datePublished":"2015-01-29T13:53:33+00:00","dateModified":"2021-08-18T08:18:20+00:00","breadcrumb":{"@id":"https:\/\/ktt.kubota-eu.com\/agriculture\/#breadcrumb"},"inLanguage":"tr","potentialAction":[{"@type":"ReadAction","target":["https:\/\/ktt.kubota-eu.com\/agriculture\/"]}]},{"@type":"BreadcrumbList","@id":"https:\/\/ktt.kubota-eu.com\/agriculture\/#breadcrumb","itemListElement":[{"@type":"ListItem","position":1,"name":"Home","item":"https:\/\/ktt.kubota-eu.com\/agriculture\/"},{"@type":"ListItem","position":2,"name":"Home TR"}]},{"@type":"WebSite","@id":"https:\/\/ktt.kubota-eu.com\/agriculture\/#website","url":"https:\/\/ktt.kubota-eu.com\/agriculture\/","name":"\u00dcr\u00fcnlerimiz","description":"\u00dcr\u00fcn Gam\u0131","potentialAction":[{"@type":"SearchAction","target":{"@type":"EntryPoint","urlTemplate":"https:\/\/ktt.kubota-eu.com\/agriculture\/?s={search_term_string}"},"query-input":{"@type":"PropertyValueSpecification","valueRequired":true,"valueName":"search_term_string"}}],"inLanguage":"tr"}]}},"publishpress_future_action":{"enabled":false,"date":"2026-04-19 21:47:57","action":"draft","terms":[],"taxonomy":"translation_priority"},"_links":{"self":[{"href":"https:\/\/ktt.kubota-eu.com\/agriculture\/wp-json\/wp\/v2\/pages\/2390","targetHints":{"allow":["GET"]}}],"collection":[{"href":"https:\/\/ktt.kubota-eu.com\/agriculture\/wp-json\/wp\/v2\/pages"}],"about":[{"href":"https:\/\/ktt.kubota-eu.com\/agriculture\/wp-json\/wp\/v2\/types\/page"}],"author":[{"embeddable":true,"href":"https:\/\/ktt.kubota-eu.com\/agriculture\/wp-json\/wp\/v2\/users\/1"}],"replies":[{"embeddable":true,"href":"https:\/\/ktt.kubota-eu.com\/agriculture\/wp-json\/wp\/v2\/comments?post=2390"}],"version-history":[{"count":1,"href":"https:\/\/ktt.kubota-eu.com\/agriculture\/wp-json\/wp\/v2\/pages\/2390\/revisions"}],"predecessor-version":[{"id":2392,"href":"https:\/\/ktt.kubota-eu.com\/agriculture\/wp-json\/wp\/v2\/pages\/2390\/revisions\/2392"}],"wp:attachment":[{"href":"https:\/\/ktt.kubota-eu.com\/agriculture\/wp-json\/wp\/v2\/media?parent=2390"}],"curies":[{"name":"wp","href":"https:\/\/api.w.org\/{rel}","templated":true}]}}